{"id":58,"date":"2015-04-21T13:44:08","date_gmt":"2015-04-21T11:44:08","guid":{"rendered":"http:\/\/www.willkommen.ro\/wordpress\/?page_id=58"},"modified":"2015-04-21T13:44:08","modified_gmt":"2015-04-21T11:44:08","slug":"hilf-mit","status":"publish","type":"page","link":"https:\/\/blog.willkommen.ro\/?page_id=58","title":{"rendered":"Mitmachen"},"content":{"rendered":"<p>Als Privatperson oder Institution haben Sie vielf\u00e4ltige <a href=\"http:\/\/www.willkommen.ro\/wordpress\/?page_id=180\">M\u00f6glichkeiten<\/a> zur Unterst\u00fctzung und Mitarbeit.<\/p>\n<p>Als gewerblicher Unterst\u00fctzer besteht die M\u00f6glichkeit des <a href=\"http:\/\/www.willkommen.ro\/wordpress\/?page_id=175\">Sponsorings<\/a>.<\/p>\n","protected":false},"excerpt":{"rendered":"<p>Als Privatperson oder Institution haben Sie vielf\u00e4ltige M\u00f6glichkeiten zur Unterst\u00fctzung und Mitarbeit. Als gewerblicher Unterst\u00fctzer besteht die M\u00f6glichkeit des Sponsorings.<\/p>\n","protected":false},"author":1,"featured_media":0,"parent":0,"menu_order":0,"comment_status":"open","ping_status":"open","template":"","meta":{"ngg_post_thumbnail":0,"footnotes":""},"class_list":["post-58","page","type-page","status-publish","hentry"],"_links":{"self":[{"href":"https:\/\/blog.willkommen.ro\/index.php?rest_route=\/wp\/v2\/pages\/58","targetHints":{"allow":["GET"]}}],"collection":[{"href":"https:\/\/blog.willkommen.ro\/index.php?rest_route=\/wp\/v2\/pages"}],"about":[{"href":"https:\/\/blog.willkommen.ro\/index.php?rest_route=\/wp\/v2\/types\/page"}],"author":[{"embeddable":true,"href":"https:\/\/blog.willkommen.ro\/index.php?rest_route=\/wp\/v2\/users\/1"}],"replies":[{"embeddable":true,"href":"https:\/\/blog.willkommen.ro\/index.php?rest_route=%2Fwp%2Fv2%2Fcomments&post=58"}],"version-history":[{"count":0,"href":"https:\/\/blog.willkommen.ro\/index.php?rest_route=\/wp\/v2\/pages\/58\/revisions"}],"wp:attachment":[{"href":"https:\/\/blog.willkommen.ro\/index.php?rest_route=%2Fwp%2Fv2%2Fmedia&parent=58"}],"curies":[{"name":"wp","href":"https:\/\/api.w.org\/{rel}","templated":true}]}}