{"id":143,"date":"2015-04-21T22:59:54","date_gmt":"2015-04-21T20:59:54","guid":{"rendered":"http:\/\/www.willkommen.ro\/wordpress\/?page_id=143"},"modified":"2022-10-30T13:27:49","modified_gmt":"2022-10-30T12:27:49","slug":"wunschliste","status":"publish","type":"page","link":"https:\/\/blog.willkommen.ro\/?page_id=143","title":{"rendered":"Wunschliste"},"content":{"rendered":"\n<p>Hier werden aktuelle materielle W\u00fcnsche ver\u00f6ffentlicht, die uns die Durchf\u00fchrung von Projekten erm\u00f6glichen oder erleichtern.<\/p>\n\n\n\n<h3 class=\"wp-block-heading\">Wunschliste<\/h3>\n\n\n\n<ul class=\"wp-block-list\"><li>(Gebrauchte) Laptops f\u00fcr die Bibliothek und Computerkurse<\/li><li>(Gebrauchte) Kinderb\u00fccher f\u00fcr die Bibliothek mit wenig Text (f\u00fcr rum\u00e4nische Kinder verwendbar)<\/li><li>Pfadfinderzubeh\u00f6r f\u00fcr den Sommer<\/li><\/ul>\n\n\n\n<h3 class=\"wp-block-heading\">Traumwiese<\/h3>\n\n\n\n<ul class=\"wp-block-list\"><li>Eine wertsch\u00e4tzende Schule gr\u00fcnden! Daf\u00fcr br\u00e4uchten wir richtig viel Geld!<\/li><li>Ein richtiger Gruppenraum in Cobor. Hier verwenden wir aktuell (Stand 2022) unsere Privatr\u00e4ume, die noch dazu einfach fast zu klein sind.<\/li><li>Gel\u00e4ndewagen, um auch bei etwas Feuchtigkeit noch Abk\u00fcrzungen in oft besuchte D\u00f6rfer fahren zu k\u00f6nnen. <ul><li>Cobor nach Lovnic\/Leblang (etwa 7,2 km statt 22 km)<\/li><li>Cobor nach Jibert\/Seiburg (7,7 km statt 27,7 km). Dies w\u00fcrde ebenso die Wege nach Dacia\/Stein, Rupea\/Reps und Viscri\/Deutsch-Wei\u00dfkirch um mindestens 20 km verk\u00fcrzen. <\/li><\/ul><\/li><\/ul>\n","protected":false},"excerpt":{"rendered":"<p>Hier werden aktuelle materielle W\u00fcnsche ver\u00f6ffentlicht, die uns die Durchf\u00fchrung von Projekten erm\u00f6glichen oder erleichtern. Wunschliste (Gebrauchte) Laptops f\u00fcr die Bibliothek und Computerkurse (Gebrauchte) Kinderb\u00fccher f\u00fcr die Bibliothek mit wenig Text (f\u00fcr rum\u00e4nische Kinder verwendbar) Pfadfinderzubeh\u00f6r f\u00fcr den Sommer Traumwiese Eine wertsch\u00e4tzende Schule gr\u00fcnden! Daf\u00fcr br\u00e4uchten wir richtig viel Geld! Ein richtiger Gruppenraum in Cobor. &hellip; <\/p>\n<p class=\"link-more\"><a href=\"https:\/\/blog.willkommen.ro\/?page_id=143\" class=\"more-link\"><span class=\"screen-reader-text\">\u201eWunschliste\u201c<\/span> weiterlesen<\/a><\/p>\n","protected":false},"author":1,"featured_media":0,"parent":0,"menu_order":0,"comment_status":"open","ping_status":"open","template":"","meta":{"ngg_post_thumbnail":0,"footnotes":""},"class_list":["post-143","page","type-page","status-publish","hentry"],"_links":{"self":[{"href":"https:\/\/blog.willkommen.ro\/index.php?rest_route=\/wp\/v2\/pages\/143","targetHints":{"allow":["GET"]}}],"collection":[{"href":"https:\/\/blog.willkommen.ro\/index.php?rest_route=\/wp\/v2\/pages"}],"about":[{"href":"https:\/\/blog.willkommen.ro\/index.php?rest_route=\/wp\/v2\/types\/page"}],"author":[{"embeddable":true,"href":"https:\/\/blog.willkommen.ro\/index.php?rest_route=\/wp\/v2\/users\/1"}],"replies":[{"embeddable":true,"href":"https:\/\/blog.willkommen.ro\/index.php?rest_route=%2Fwp%2Fv2%2Fcomments&post=143"}],"version-history":[{"count":1,"href":"https:\/\/blog.willkommen.ro\/index.php?rest_route=\/wp\/v2\/pages\/143\/revisions"}],"predecessor-version":[{"id":1661,"href":"https:\/\/blog.willkommen.ro\/index.php?rest_route=\/wp\/v2\/pages\/143\/revisions\/1661"}],"wp:attachment":[{"href":"https:\/\/blog.willkommen.ro\/index.php?rest_route=%2Fwp%2Fv2%2Fmedia&parent=143"}],"curies":[{"name":"wp","href":"https:\/\/api.w.org\/{rel}","templated":true}]}}